{"id":17,"date":"2022-11-10T14:29:47","date_gmt":"2022-11-10T13:29:47","guid":{"rendered":"https:\/\/digisupport.ch\/?page_id=17"},"modified":"2023-01-14T11:40:06","modified_gmt":"2023-01-14T10:40:06","slug":"berechnungsformular","status":"publish","type":"page","link":"https:\/\/3.diginik.ch\/index.php\/berechnungsformular\/","title":{"rendered":"Berechnungsformular"},"content":{"rendered":"<script type='text\/javascript'>\nvar id = \"77\";<\/script>\n<script type='text\/javascript' src='https:\/\/3.diginik.ch\/wp-content\/uploads\/winp-css-js\/77.js?ver=1668288094'><\/script>\n\n<form action=\"\/index.php\/ergebnis\/\" method=\"POST\">\n<div class=\"eingabeformular-zeile\">\n<div class=\"left-eingabeformular\">\n\t\t\t<strong>Zustelldatum<\/strong> (TT.MM.JJJJ): <input style=\"width: 100pt;\" name=\"zustelldatum\" pattern=\"(0[1-9]|1[0-9]|2[0-9]|3[01]).(0[1-9]|1[012]).[0-9]{4}\" type=\"text\"><br \/>\n<strong>Frist<\/strong> (ganze Tage\/Monate): <input style=\"width: 40pt;\" name=\"frist_in_tagen\" type=\"text\" value=\"30\"><select style=\"width: 60pt;\" name=\"monat_tag\"><option selected=\"selected\" value=\"tage\">Tage<\/option><option value=\"monate\">Monat(e)<\/option><\/select><\/div>\n<div class=\"right-eingabeformular\">\n\t\t\t\t<input name=\"gerichtsferien\" type=\"hidden\" value=\"0\"><input name=\"gerichtsferien\" type=\"checkbox\" value=\"1\"> Gerichtsferien deaktivieren<input name=\"ab_zustellung\" type=\"hidden\" value=\"0\"><\/div>\n<\/div>\n<div class=\"eingabeformular-zeile\">\n<p><i>Nachfolgend k\u00f6nnen Sie die folgenden kantonalen Feiertage an- oder (sofern schon angew\u00e4hlt) abw\u00e4hlen:<\/i><\/p>\n<\/div>\n<div class=\"eingabeformular-zeile feiertagauswahl\">\n\t<input name=\"Berchtoldstag\" type=\"hidden\" value=\"0\"><input checked=\"checked\" name=\"Berchtoldstag\" type=\"checkbox\" value=\"1\"> Berchtoldstag (02.01.)<br \/>\n<input name=\"Dreikoenigstag\" type=\"hidden\" value=\"0\"><input name=\"Dreikoenigstag\" type=\"checkbox\" value=\"1\"> Dreik\u00f6nigstag (06.01.)<br \/>\n<input name=\"Josephstag\" type=\"hidden\" value=\"0\"><input name=\"Josephstag\" type=\"checkbox\" value=\"1\"> Josephstag (19.03.)<\/div>\n<div class=\"eingabeformular-zeile feiertagauswahl\">\n\t<input name=\"Karfreitag\" type=\"hidden\" value=\"0\"><input checked=\"checked\" name=\"Karfreitag\" type=\"checkbox\" value=\"1\"> Karfreitag<br \/>\n<input name=\"Ostermontag\" type=\"hidden\" value=\"0\"><input checked=\"checked\" name=\"Ostermontag\" type=\"checkbox\" value=\"1\"> Ostermontag<br \/>\n<input name=\"Tag_der_Arbeit\" type=\"hidden\" value=\"0\"><input name=\"Tag_der_Arbeit\" type=\"checkbox\" value=\"1\"> Tag der Arbeit (01.05.)<\/div>\n<div class=\"eingabeformular-zeile feiertagauswahl\">\n\t<input name=\"Auffahrt\" type=\"hidden\" value=\"1\"><input name=\"Pfingstmontag\" type=\"hidden\" value=\"0\"><input checked=\"checked\" name=\"Pfingstmontag\" type=\"checkbox\" value=\"1\"> Pfingstmontag<br \/>\n<input name=\"Fronleichnam\" type=\"hidden\" value=\"0\"><input name=\"Fronleichnam\" type=\"checkbox\" value=\"1\"><input name=\"erster_August\" type=\"hidden\" value=\"1\"> Fronleichnam<br \/>\n<input name=\"Maria_Himmelfahrt\" type=\"hidden\" value=\"0\"><input name=\"Maria_Himmelfahrt\" type=\"checkbox\" value=\"1\"> Maria Himmelfahrt (15.08.)<\/div>\n<div class=\"eingabeformular-zeile feiertagauswahl\">\n\t<input name=\"Allerheiligen\" type=\"hidden\" value=\"0\"><input name=\"Allerheiligen\" type=\"checkbox\" value=\"1\"> Allerheiligen (01.11)<br \/>\n<input name=\"Maria_Empfaengnis\" type=\"hidden\" value=\"0\"><input name=\"Maria_Empfaengnis\" type=\"checkbox\" value=\"1\"> Maria Empf\u00e4ngnis (08.12.) <input name=\"Weihnachtstag\" type=\"hidden\" value=\"1\"><br \/>\n<input name=\"Stephanstag\" type=\"hidden\" value=\"0\"><input checked=\"checked\" name=\"Stephanstag\" type=\"checkbox\" value=\"1\"> Stephanstag (26.12.)<\/div>\n<div style=\"clear:both;\"><\/div>\n<div style=\"width:200px;margin: 0 auto;\">\n<div class=\"left-eingabeformular\">\n<\/div>\n<\/div>\n<p><\/p>\n<p>Mit dem Anklicken der folgenden Checkbox und dem Absenden der Berechnungsanfrage  erkl\u00e4ren Sie, dass Sie den <strong>Haftungsausschluss gelesen<\/strong> haben und damit <strong>einverstanden <\/strong> sind:<br \/>\n<input type=\"checkbox\" id=\"terms_and_conditions\" value=\"1\" onclick=\"terms_changed(this)\" \/><\/p>\n<p><input id=\"submit_button\" name=\"berechnungsformular_submit\" type=\"submit\" value=\"Frist berechnen\" disabled><\/p>\n<p><!--<input name=\"ab_zustellung\" type=\"checkbox\" value=\"1\" \/> Frist l\u00e4uft (ausnahmsweise) bereits ab Zustellung\/Er\u00f6ffnung--><br \/>\n<\/form>\n","protected":false},"excerpt":{"rendered":"<p>Zustelldatum (TT.MM.JJJJ): Frist (ganze Tage\/Monate): TageMonat(e) Gerichtsferien deaktivieren Nachfolgend k\u00f6nnen Sie die folgenden kantonalen Feiertage an- oder (sofern schon angew\u00e4hlt) abw\u00e4hlen: Berchtoldstag (02.01.) Dreik\u00f6nigstag (06.01.) Josephstag (19.03.) Karfreitag Ostermontag Tag der Arbeit (01.05.) Pfingstmontag Fronleichnam Maria Himmelfahrt (15.08.) Allerheiligen (01.11) Maria Empf\u00e4ngnis (08.12.) Stephanstag (26.12.) Mit dem Anklicken der folgenden Checkbox und dem Absenden der &hellip; <a href=\"https:\/\/3.diginik.ch\/index.php\/berechnungsformular\/\" class=\"more-link\"><span class=\"screen-reader-text\">\u201eBerechnungsformular\u201c<\/span> weiterlesen<\/a><\/p>\n","protected":false},"author":1,"featured_media":0,"parent":0,"menu_order":0,"comment_status":"closed","ping_status":"closed","template":"","meta":[],"_links":{"self":[{"href":"https:\/\/3.diginik.ch\/index.php\/wp-json\/wp\/v2\/pages\/17"}],"collection":[{"href":"https:\/\/3.diginik.ch\/index.php\/wp-json\/wp\/v2\/pages"}],"about":[{"href":"https:\/\/3.diginik.ch\/index.php\/wp-json\/wp\/v2\/types\/page"}],"author":[{"embeddable":true,"href":"https:\/\/3.diginik.ch\/index.php\/wp-json\/wp\/v2\/users\/1"}],"replies":[{"embeddable":true,"href":"https:\/\/3.diginik.ch\/index.php\/wp-json\/wp\/v2\/comments?post=17"}],"version-history":[{"count":38,"href":"https:\/\/3.diginik.ch\/index.php\/wp-json\/wp\/v2\/pages\/17\/revisions"}],"predecessor-version":[{"id":181,"href":"https:\/\/3.diginik.ch\/index.php\/wp-json\/wp\/v2\/pages\/17\/revisions\/181"}],"wp:attachment":[{"href":"https:\/\/3.diginik.ch\/index.php\/wp-json\/wp\/v2\/media?parent=17"}],"curies":[{"name":"wp","href":"https:\/\/api.w.org\/{rel}","templated":true}]}}